{"id":445,"date":"2020-07-02T11:48:24","date_gmt":"2020-07-02T04:48:24","guid":{"rendered":"https:\/\/minhtien.azpassio.com\/?page_id=445"},"modified":"2020-08-28T09:07:43","modified_gmt":"2020-08-28T02:07:43","slug":"coffee-shop","status":"publish","type":"page","link":"https:\/\/minhtiencoffee.com\/en\/coffee-shop\/","title":{"rendered":"Coffee Shop"},"content":{"rendered":"<!-- START \/template-parts\/blocks\/content-coffee-shop.php -->\n<section anchor=\"coffee-shop\" class=\"section-block coffee-shop\">\n\t<div id=\"coffee-shop1\"><\/div>\n    <h3 class=\"section-heading\">COFFEE SHOP<\/h3>\n    <div class=\"coffee-shop__wapper\">\n        <div class=\"coffee-shop__into\">\n\n                                    <div class=\"coffee-shop__into--grid\">\n                        <div class=\"image-wapper\">\n                            <img src=\"https:\/\/minhtiencoffee.com\/wp-content\/themes\/minhtien\/assets\/imgs\/tmp\/coffee-shop-banner.jpg\"\/>\n                        <\/div>\n                        <div class=\"text\">\n                        <h2 class=\"typo-h2\"><\/h2>\n<p>&nbsp;<\/p>\n                        <\/div>\n                    <\/div>\n\n                            <\/div>\n\n        <div class=\"coffee-shop-slider\">\n            \t\t\t\t\t<div>\n\t\t\t\t\t\t<div class=\"coffeeshop-slider__item\">\n\t\t\t\t\t\t\t<div class=\"coffeeshop-slider__item__image\">\n\t\t\t\t\t\t\t\t<img width=\"800\" height=\"863\" src=\"https:\/\/minhtiencoffee.com\/wp-content\/uploads\/2020\/08\/coffee-shop1.jpg\" class=\"attachment-full size-full\" alt=\"\" srcset=\"https:\/\/minhtiencoffee.com\/wp-content\/uploads\/2020\/08\/coffee-shop1.jpg 800w, https:\/\/minhtiencoffee.com\/wp-content\/uploads\/2020\/08\/coffee-shop1-278x300.jpg 278w, https:\/\/minhtiencoffee.com\/wp-content\/uploads\/2020\/08\/coffee-shop1-768x828.jpg 768w\" sizes=\"(max-width: 800px) 100vw, 800px\" \/>\t\t\t\t\t\t\t<\/div>\n\t\t\t\t\t\t\t<div class=\"coffeeshop-slider__item__text\">\n\t\t\t\t\t\t\t\t<p class=\"coffeeshop-slider__quote\">The place offers a favorite coffee taste and a familiar and comfortable atmosphere, always welcomes coffee-loving souls to rest, connect and create.<\/p>\n\t\t\t\t\t\t\t<\/div>\n\t\t\t\t\t\t\t<div class=\"coffeeshop-slider__item__bottom\">\n\t\t\t\t\t\t\t\t<div>\n\t\t\t\t\t\t\t\t\t75 Hang Ma Street,<br \/>\r\nHoan Kiem District,<br \/>\r\nHa Noi City\t\t\t\t\t\t\t\t<\/div>\n\t\t\t\t\t\t\t\t<div>\n\t\t\t\t\t\t\t\t\tOpen every day<br \/>\r\n7:00 am &#8211; 8:00 pm<br \/>\r\nTel: +842 3741 932\t\t\t\t\t\t\t\t<\/div>\n\t\t\t\t\t\t\t<\/div>\n\t\t\t\t\t\t<\/div>\n\t\t\t\t\t<\/div>\n\t\t\t\t\t                \t\t\t\t\t<div>\n\t\t\t\t\t\t<div class=\"coffeeshop-slider__item\">\n\t\t\t\t\t\t\t<div class=\"coffeeshop-slider__item__image\">\n\t\t\t\t\t\t\t\t<img width=\"800\" height=\"863\" src=\"https:\/\/minhtiencoffee.com\/wp-content\/uploads\/2020\/08\/coffee-shop4.jpg\" class=\"attachment-full size-full\" alt=\"\" srcset=\"https:\/\/minhtiencoffee.com\/wp-content\/uploads\/2020\/08\/coffee-shop4.jpg 800w, https:\/\/minhtiencoffee.com\/wp-content\/uploads\/2020\/08\/coffee-shop4-278x300.jpg 278w, https:\/\/minhtiencoffee.com\/wp-content\/uploads\/2020\/08\/coffee-shop4-768x828.jpg 768w\" sizes=\"(max-width: 800px) 100vw, 800px\" \/>\t\t\t\t\t\t\t<\/div>\n\t\t\t\t\t\t\t<div class=\"coffeeshop-slider__item__text\">\n\t\t\t\t\t\t\t\t<p class=\"coffeeshop-slider__quote\">The place offers a favorite coffee taste and a familiar and comfortable atmosphere, always welcomes coffee-loving souls to rest, connect and create.<\/p>\n\t\t\t\t\t\t\t<\/div>\n\t\t\t\t\t\t\t<div class=\"coffeeshop-slider__item__bottom\">\n\t\t\t\t\t\t\t\t<div>\n\t\t\t\t\t\t\t\t\t75 Hang Ma Street,<br \/>\r\nHoan Kiem District,<br \/>\r\nHa Noi City\t\t\t\t\t\t\t\t<\/div>\n\t\t\t\t\t\t\t\t<div>\n\t\t\t\t\t\t\t\t\tOpen every day<br \/>\r\n7:00 am &#8211; 8:00 pm<br \/>\r\nTel: +842 3741 932\t\t\t\t\t\t\t\t<\/div>\n\t\t\t\t\t\t\t<\/div>\n\t\t\t\t\t\t<\/div>\n\t\t\t\t\t<\/div>\n\t\t\t\t\t                \t\t\t\t\t<div>\n\t\t\t\t\t\t<div class=\"coffeeshop-slider__item\">\n\t\t\t\t\t\t\t<div class=\"coffeeshop-slider__item__image\">\n\t\t\t\t\t\t\t\t<img width=\"800\" height=\"863\" src=\"https:\/\/minhtiencoffee.com\/wp-content\/uploads\/2020\/08\/coffee-shop3.jpg\" class=\"attachment-full size-full\" alt=\"\" srcset=\"https:\/\/minhtiencoffee.com\/wp-content\/uploads\/2020\/08\/coffee-shop3.jpg 800w, https:\/\/minhtiencoffee.com\/wp-content\/uploads\/2020\/08\/coffee-shop3-278x300.jpg 278w, https:\/\/minhtiencoffee.com\/wp-content\/uploads\/2020\/08\/coffee-shop3-768x828.jpg 768w\" sizes=\"(max-width: 800px) 100vw, 800px\" \/>\t\t\t\t\t\t\t<\/div>\n\t\t\t\t\t\t\t<div class=\"coffeeshop-slider__item__text\">\n\t\t\t\t\t\t\t\t<p class=\"coffeeshop-slider__quote\">The place offers a favorite coffee taste and a familiar and comfortable atmosphere, always welcomes coffee-loving souls to rest, connect and create.<\/p>\n\t\t\t\t\t\t\t<\/div>\n\t\t\t\t\t\t\t<div class=\"coffeeshop-slider__item__bottom\">\n\t\t\t\t\t\t\t\t<div>\n\t\t\t\t\t\t\t\t\t75 Hang Ma Street,<br \/>\r\nHoan Kiem District,<br \/>\r\nHa Noi City\t\t\t\t\t\t\t\t<\/div>\n\t\t\t\t\t\t\t\t<div>\n\t\t\t\t\t\t\t\t\tOpen every day<br \/>\r\n7:00 am &#8211; 8:00 pm<br \/>\r\nTel: +842 3741 932\t\t\t\t\t\t\t\t<\/div>\n\t\t\t\t\t\t\t<\/div>\n\t\t\t\t\t\t<\/div>\n\t\t\t\t\t<\/div>\n\t\t\t\t\t                \t\t\t\t\t<div>\n\t\t\t\t\t\t<div class=\"coffeeshop-slider__item\">\n\t\t\t\t\t\t\t<div class=\"coffeeshop-slider__item__image\">\n\t\t\t\t\t\t\t\t<img width=\"800\" height=\"863\" src=\"https:\/\/minhtiencoffee.com\/wp-content\/uploads\/2020\/08\/coffee-shop2.jpg\" class=\"attachment-full size-full\" alt=\"\" srcset=\"https:\/\/minhtiencoffee.com\/wp-content\/uploads\/2020\/08\/coffee-shop2.jpg 800w, https:\/\/minhtiencoffee.com\/wp-content\/uploads\/2020\/08\/coffee-shop2-278x300.jpg 278w, https:\/\/minhtiencoffee.com\/wp-content\/uploads\/2020\/08\/coffee-shop2-768x828.jpg 768w\" sizes=\"(max-width: 800px) 100vw, 800px\" \/>\t\t\t\t\t\t\t<\/div>\n\t\t\t\t\t\t\t<div class=\"coffeeshop-slider__item__text\">\n\t\t\t\t\t\t\t\t<p class=\"coffeeshop-slider__quote\">The place offers a favorite coffee taste and a familiar and comfortable atmosphere, always welcomes coffee-loving souls to rest, connect and create.<\/p>\n\t\t\t\t\t\t\t<\/div>\n\t\t\t\t\t\t\t<div class=\"coffeeshop-slider__item__bottom\">\n\t\t\t\t\t\t\t\t<div>\n\t\t\t\t\t\t\t\t\t75 Hang Ma Street,<br \/>\r\nHoan Kiem District,<br \/>\r\nHa Noi City\t\t\t\t\t\t\t\t<\/div>\n\t\t\t\t\t\t\t\t<div>\n\t\t\t\t\t\t\t\t\tOpen every day<br \/>\r\n7:00 am &#8211; 8:00 pm<br \/>\r\nTel: +842 3741 932\t\t\t\t\t\t\t\t<\/div>\n\t\t\t\t\t\t\t<\/div>\n\t\t\t\t\t\t<\/div>\n\t\t\t\t\t<\/div>\n\t\t\t\t\t                        <\/div>\n    <\/div>\n<\/section><!-- END \/template-parts\/blocks\/content-coffee-shop.php -->\n\n<!-- START \/template-parts\/blocks\/content-highline-content.php --><section class=\"highline-content highline-content--text\" style=\"\">\n\t<img width=\"1400\" height=\"665\" src=\"https:\/\/minhtiencoffee.com\/wp-content\/uploads\/2020\/06\/coffee-shop-hightlight.jpg\" class=\"attachment-full size-full\" alt=\"\" srcset=\"https:\/\/minhtiencoffee.com\/wp-content\/uploads\/2020\/06\/coffee-shop-hightlight.jpg 1400w, https:\/\/minhtiencoffee.com\/wp-content\/uploads\/2020\/06\/coffee-shop-hightlight-300x143.jpg 300w, https:\/\/minhtiencoffee.com\/wp-content\/uploads\/2020\/06\/coffee-shop-hightlight-1024x486.jpg 1024w, https:\/\/minhtiencoffee.com\/wp-content\/uploads\/2020\/06\/coffee-shop-hightlight-768x365.jpg 768w\" sizes=\"(max-width: 1400px) 100vw, 1400px\" \/>\t\t\t<div class=\"highline-content__wapper\">\n\t\t\t<p class=\"text-light\">T\u1ea1i Minh Ti\u1ebfn, ch\u00fang t\u00f4i tin v\u00e0o b\u1ec1n v\u1eefng \u0111\u01b0\u1ee3c d\u1ef1a tr\u00ean gi\u00e1 tr\u1ecb h\u1ea1nh ph\u00fac v\u00e0 nguy\u00ean b\u1ea3n<\/p>\n\t\t<\/div>\n\t<\/section>\n<!-- END \/template-parts\/blocks\/content-highline-content.php -->\n\n<!-- START \/template-parts\/blocks\/content-section-2-col.php -->\n<section class=\"section-block section-2-col\">\n\t<h3 class=\"section-heading\">Bartista<\/h3>\n\n\t<div class=\"section-2-col__wapper\">\n\t\t<h2 class=\"section-2-col__title\">Enhance Original Coffee With Tailor-made Experience<\/h2>\n\t\t<div class=\"section-2-col__photo\">\n\t\t\t<br \/>\n<b>Notice<\/b>:  Trying to access array offset on value of type bool in <b>\/home\/u728936038\/domains\/minhtiencoffee.com\/public_html\/wp-content\/themes\/minhtien\/template-parts\/blocks\/content-section-2-col.php<\/b> on line <b>14<\/b><br \/>\n\t\t<\/div>\n\t\t<div class=\"section-2-col__description\">\n\t\t\t<p>One of our greatest joys is teaching people about coffee and training new baristas! We love to introduce people to the complex and exciting world of coffee. Our intensive two-day Coffee 101 and Espresso 101 are supported by our team of dedicated coffee professionals whose only goal in life is to help make your cafe great!<br \/>\r\n<br \/>\r\nJoin our growing list of exceptional cafe partners to take advantage of our training and consulting programs.<\/p>\n\t\t\t\t\t<\/div>\n\t<\/div>\n<\/section>\n<!-- END \/template-parts\/blocks\/content-section-2-col.php -->","protected":false},"excerpt":{"rendered":"","protected":false},"author":2,"featured_media":0,"parent":0,"menu_order":0,"comment_status":"closed","ping_status":"closed","template":"","meta":[],"yoast_head":"<!-- This site is optimized with the Yoast SEO plugin v14.8 - https:\/\/yoast.com\/wordpress\/plugins\/seo\/ -->\n<title>Coffee Shop - Minh Tien Coffee<\/title>\n<meta name=\"description\" content=\"The place offers a favorite coffee taste and a familiar and comfortable atmosphere, always welcomes coffee-loving souls to rest, connect and create.\" \/>\n<meta name=\"robots\" content=\"index, follow\" \/>\n<meta name=\"googlebot\" content=\"index, follow, max-snippet:-1, max-image-preview:large, max-video-preview:-1\" \/>\n<meta name=\"bingbot\" content=\"index, follow, max-snippet:-1, max-image-preview:large, max-video-preview:-1\" \/>\n<link rel=\"canonical\" href=\"https:\/\/minhtiencoffee.com\/en\/coffee-shop\/\" \/>\n<meta property=\"og:locale\" content=\"en_US\" \/>\n<meta property=\"og:type\" content=\"article\" \/>\n<meta property=\"og:title\" content=\"Coffee Shop - Minh Tien Coffee\" \/>\n<meta property=\"og:description\" content=\"The place offers a favorite coffee taste and a familiar and comfortable atmosphere, always welcomes coffee-loving souls to rest, connect and create.\" \/>\n<meta property=\"og:url\" content=\"https:\/\/minhtiencoffee.com\/en\/coffee-shop\/\" \/>\n<meta property=\"og:site_name\" content=\"Minh Ti\u1ebfn Coffee\" \/>\n<meta property=\"article:publisher\" content=\"https:\/\/www.facebook.com\/MINH-TIEN-Coffee-447639685353031\/\" \/>\n<meta property=\"article:modified_time\" content=\"2020-08-28T02:07:43+00:00\" \/>\n<meta name=\"twitter:card\" content=\"summary_large_image\" \/>\n<script type=\"application\/ld+json\" class=\"yoast-schema-graph\">{\"@context\":\"https:\/\/schema.org\",\"@graph\":[{\"@type\":\"Organization\",\"@id\":\"https:\/\/minhtiencoffee.com\/en\/#organization\",\"name\":\"Minh Ti\\u1ebfn Coffee\",\"url\":\"https:\/\/minhtiencoffee.com\/en\/\",\"sameAs\":[\"https:\/\/www.facebook.com\/MINH-TIEN-Coffee-447639685353031\/\"],\"logo\":{\"@type\":\"ImageObject\",\"@id\":\"https:\/\/minhtiencoffee.com\/en\/#logo\",\"inLanguage\":\"en-US\",\"url\":\"https:\/\/minhtiencoffee.com\/wp-content\/uploads\/2020\/06\/Minh-Tien-Logo.svg\",\"width\":54,\"height\":41,\"caption\":\"Minh Ti\\u1ebfn Coffee\"},\"image\":{\"@id\":\"https:\/\/minhtiencoffee.com\/en\/#logo\"}},{\"@type\":\"WebSite\",\"@id\":\"https:\/\/minhtiencoffee.com\/en\/#website\",\"url\":\"https:\/\/minhtiencoffee.com\/en\/\",\"name\":\"Minh Ti\\u1ebfn Coffee\",\"description\":\"Cu\\u1ed9c h\\u00e0nh tr\\u00ecnh \\u0111i t\\u00ecm gi\\u00e1 tr\\u1ecb nguy\\u00ean b\\u1ea3n\",\"publisher\":{\"@id\":\"https:\/\/minhtiencoffee.com\/en\/#organization\"},\"potentialAction\":[{\"@type\":\"SearchAction\",\"target\":\"https:\/\/minhtiencoffee.com\/en\/?s={search_term_string}\",\"query-input\":\"required name=search_term_string\"}],\"inLanguage\":\"en-US\"},{\"@type\":\"WebPage\",\"@id\":\"https:\/\/minhtiencoffee.com\/en\/coffee-shop\/#webpage\",\"url\":\"https:\/\/minhtiencoffee.com\/en\/coffee-shop\/\",\"name\":\"Coffee Shop - Minh Tien Coffee\",\"isPartOf\":{\"@id\":\"https:\/\/minhtiencoffee.com\/en\/#website\"},\"datePublished\":\"2020-07-02T04:48:24+00:00\",\"dateModified\":\"2020-08-28T02:07:43+00:00\",\"description\":\"The place offers a favorite coffee taste and a familiar and comfortable atmosphere, always welcomes coffee-loving souls to rest, connect and create.\",\"inLanguage\":\"en-US\",\"potentialAction\":[{\"@type\":\"ReadAction\",\"target\":[\"https:\/\/minhtiencoffee.com\/en\/coffee-shop\/\"]}]}]}<\/script>\n<!-- \/ Yoast SEO plugin. -->","_links":{"self":[{"href":"https:\/\/minhtiencoffee.com\/en\/wp-json\/wp\/v2\/pages\/445"}],"collection":[{"href":"https:\/\/minhtiencoffee.com\/en\/wp-json\/wp\/v2\/pages"}],"about":[{"href":"https:\/\/minhtiencoffee.com\/en\/wp-json\/wp\/v2\/types\/page"}],"author":[{"embeddable":true,"href":"https:\/\/minhtiencoffee.com\/en\/wp-json\/wp\/v2\/users\/2"}],"replies":[{"embeddable":true,"href":"https:\/\/minhtiencoffee.com\/en\/wp-json\/wp\/v2\/comments?post=445"}],"version-history":[{"count":5,"href":"https:\/\/minhtiencoffee.com\/en\/wp-json\/wp\/v2\/pages\/445\/revisions"}],"predecessor-version":[{"id":1230,"href":"https:\/\/minhtiencoffee.com\/en\/wp-json\/wp\/v2\/pages\/445\/revisions\/1230"}],"wp:attachment":[{"href":"https:\/\/minhtiencoffee.com\/en\/wp-json\/wp\/v2\/media?parent=445"}],"curies":[{"name":"wp","href":"https:\/\/api.w.org\/{rel}","templated":true}]}}