{"id":440,"date":"2020-07-02T11:35:28","date_gmt":"2020-07-02T04:35:28","guid":{"rendered":"https:\/\/minhtien.azpassio.com\/?page_id=440"},"modified":"2020-09-28T14:23:41","modified_gmt":"2020-09-28T07:23:41","slug":"partner","status":"publish","type":"page","link":"https:\/\/minhtiencoffee.com\/en\/partner\/","title":{"rendered":"Partner"},"content":{"rendered":"<!-- START \/template-parts\/blocks\/content-nong-ho.php -->\n<section anchor=\"nong-ho\" class=\"section-block nong-ho\">\n    <h3 class=\"section-heading\">Farming Households<\/h3>\n    <div class=\"nong-ho__wapper\">\n        <div class=\"dam-me\">\n            <img width=\"800\" height=\"530\" src=\"https:\/\/minhtiencoffee.com\/wp-content\/uploads\/2020\/06\/cafe-nguyen-ban-minh-tien.jpg\" class=\"attachment-full size-full\" alt=\"\" srcset=\"https:\/\/minhtiencoffee.com\/wp-content\/uploads\/2020\/06\/cafe-nguyen-ban-minh-tien.jpg 800w, https:\/\/minhtiencoffee.com\/wp-content\/uploads\/2020\/06\/cafe-nguyen-ban-minh-tien-300x199.jpg 300w, https:\/\/minhtiencoffee.com\/wp-content\/uploads\/2020\/06\/cafe-nguyen-ban-minh-tien-768x509.jpg 768w\" sizes=\"(max-width: 800px) 100vw, 800px\" \/>            <div class=\"dam-me__content\">\n                <h4>SHARE YOUR LOVE OF COFFEE<\/h4>\n                <p><br \/>\n<b>Notice<\/b>:  Undefined index: noi_dung in <b>\/home\/u728936038\/domains\/minhtiencoffee.com\/public_html\/wp-content\/themes\/minhtien\/template-parts\/blocks\/content-nong-ho.php<\/b> on line <b>18<\/b><br \/>\n<\/p>\n\n                <a class=\"mt-scrollto readmore--link\" href=\"#contact-form\" rel=\"section\">Contact us<\/a>\n            <\/div>\n\n        <\/div>\n        <div class=\"quyen-loi\">\n            <h4>ENTITLEMENT<\/h4>\n\n            <div class=\"quyen-loi__wapper\">\n                <article>\n                    <h6><span>1. Subsidies<\/span><\/h6>\n                    <div>\n                        <p>We have supportive policies to subsidize local farmers, contributing to improving their quality of life and economy through the development of a sustainable coffee value chain so that all farmers can have 1 high profit from coffee job.<\/p>\n                    <\/div>\n                <\/article>\n\n                <article>\n                    <h6><span>2. Sustainable Purchasing<\/span><\/h6>\n                    <div>\n                        <p>Each farmer is a link in the supply chain, and decades of farming partners are a testament to the relationship that is linked by trust and enthusiasm for coffee.<br \/>\r\n<br \/>\r\nWe always strive to bring long-term economic benefits and stable future to farmers, respect the value and enthusiasm for production.<\/p>\n                    <\/div>\n\n                <\/article>\n\n                <article>\n                    <h6><span>3. Technical assistance<\/span><\/h6>\n                    <div>\n                        <p>Support and train farmer partners to have clean and stable raw material areas according to 4C and UTZ standards, control the quality of the whole process, share experiences, and convey the enthusiasm of growers to users with High quality coffee beans.<\/p>\n                    <\/div>\n                <\/article>\n            <\/div>\n        <\/div>\n    <\/div>\n<\/section>\n<!-- END \/template-parts\/blocks\/content-nong-ho.php -->\n\n<!-- START \/template-parts\/blocks\/content-xuat-khau.php --><section anchor=\"xuat-khau\" class=\"section-block xuat-khau\">\n\t<h3 class=\"section-heading\">EXPORT<\/h3>\n    <div class=\"xuat-khau__wapper\">\n        <h2 class=\"typo-h1\">Category<br \/>\r\nThe coffee<\/h2>\n\n        <div class=\"xuat-khau__list\">\n            <h6>Single Origin<\/h6>\n<table>\n<tbody>\n<tr>\n<td>Kona Coffee Beans<\/td>\n<td>Arabica<\/td>\n<td>Hawaii, USA<\/td>\n<\/tr>\n<tr>\n<td>Blue Mountain<\/td>\n<td>Arabica<\/td>\n<td>Jamaica<\/td>\n<\/tr>\n<tr>\n<td>Kenyan AA<\/td>\n<td>Arabica<\/td>\n<td>Kenya<\/td>\n<\/tr>\n<tr>\n<td>Peaberry Beans<\/td>\n<td>Arabica<\/td>\n<td>Tanzania<\/td>\n<\/tr>\n<tr>\n<td>Dark Roast Sumatra<\/td>\n<td>Arabica<\/td>\n<td>Indonesia<\/td>\n<\/tr>\n<tr>\n<td>Sulawesi Toraja<\/td>\n<td>Arabica<\/td>\n<td>Indonesia<\/td>\n<\/tr>\n<tr>\n<td>Kona Coffee Beans<\/td>\n<td>Arabica<\/td>\n<td>Hawaii, USA<\/td>\n<\/tr>\n<\/tbody>\n<\/table>\n<h6>Mixed<\/h6>\n<table>\n<tbody>\n<tr>\n<td>Kona Coffee Beans<\/td>\n<td>Arabica<\/td>\n<td>Hawaii, USA<\/td>\n<\/tr>\n<tr>\n<td>Blue Mountain<\/td>\n<td>Arabica<\/td>\n<td>Jamaica<\/td>\n<\/tr>\n<tr>\n<td>Kenyan AA<\/td>\n<td>Arabica<\/td>\n<td>Kenya<\/td>\n<\/tr>\n<tr>\n<td>Peaberry Beans<\/td>\n<td>Arabica<\/td>\n<td>Tanzania<\/td>\n<\/tr>\n<\/tbody>\n<\/table>\n        <\/div>\n        <div class=\"xuat-khau__description\">\n            <p>Coffee development is based on the indigenous cultural identity, as well as the soil, climate and nature of the growing area, so the different values \u200b\u200band characteristics of each type of coffee are also preserved.<br \/>\r\n<br \/>\r\nOur artisans spend most of their time and effort researching, preserving the identity of the beans, bringing out all the brightest potential of the flavor inherent in each coffee, to the sweetness itself. course and the most subtle flavor shades.<\/p>\n\n            <a class=\"mt-scrollto readmore--link\" href=\"#contact-form\" rel=\"section\">Contact us<\/a>\n        <\/div>\n    <\/div>\n<\/section>\n<!-- END \/template-parts\/blocks\/content-xuat-khau.php -->\n\n<!-- START \/template-parts\/blocks\/content-highline-content.php --><section class=\"highline-content \" style=\"\">\n\t<img width=\"1400\" height=\"819\" src=\"https:\/\/minhtiencoffee.com\/wp-content\/uploads\/2020\/06\/cover-1.jpg\" class=\"attachment-full size-full\" alt=\"\" srcset=\"https:\/\/minhtiencoffee.com\/wp-content\/uploads\/2020\/06\/cover-1.jpg 1400w, https:\/\/minhtiencoffee.com\/wp-content\/uploads\/2020\/06\/cover-1-300x176.jpg 300w, https:\/\/minhtiencoffee.com\/wp-content\/uploads\/2020\/06\/cover-1-1024x599.jpg 1024w, https:\/\/minhtiencoffee.com\/wp-content\/uploads\/2020\/06\/cover-1-768x449.jpg 768w\" sizes=\"(max-width: 1400px) 100vw, 1400px\" \/>\t<\/section>\n<!-- END \/template-parts\/blocks\/content-highline-content.php -->\n\n<!-- START \/template-parts\/blocks\/content-dang-ky.php -->\n<section anchor=\"phan-phoi\" class=\"section-block dang-ky dang-ky--coffee\">\n    <h3 class=\"section-heading\"> Distribution<\/h3>\n\n    <div class=\"dang-ky__wapper\">\n\n        <div style=\"text-align: center\">\n            <h2> Distribution Channels<\/h2>\n                            <p><p>Contact us if you want to become a Minh Tien coffee distributor <\/p>\n<\/p>\n                \n        <\/div>\n\n                <div class=\"dang-ky__slider\">\n                            <article>\n                    <img src=\"https:\/\/minhtiencoffee.com\/wp-content\/uploads\/2020\/06\/coffee.svg\" class=\"attachment-large_medium size-large_medium\" alt=\"&lt;p&gt;Supermakets chain&lt;\/p&gt;\n\" height=\"82.92\" width=\"66.12\" \/>\n                    <h5><p>Supermakets chain<\/p>\n<\/h5>\n                    <p><p>Intimex Home &#038; Food<br \/>\nHapro Mart<br \/>\nSeika Mart<br \/>\nFuji Mart<br \/>\nBig C<\/p>\n<\/p>\n                <\/article>\n                                <article>\n                    <img src=\"https:\/\/minhtiencoffee.com\/wp-content\/uploads\/2020\/06\/flower.svg\" class=\"attachment-large_medium size-large_medium\" alt=\"&lt;p&gt;Coffee shop&lt;\/p&gt;\n\" height=\"100.29\" width=\"88.02\" \/>\n                    <h5><p>Coffee shop<\/p>\n<\/h5>\n                    <p><p>31 Ba Trieu &#8211; Hang Bai Ward &#8211; Hoan Kiem District &#8211; Hanoi.<br \/>\n75 Hang Ma &#8211; Hang Ma Ward &#8211; Hoan Kiem District &#8211; Hanoi.<br \/>\n45B Ly Thuong Kiet &#8211; P. Tran Hung Dao &#8211; Hoan Kiem District &#8211; Hanoi.<br \/>\n45 Le Dai Hanh &#8211; Le Dai Hanh Ward &#8211; Hai Ba Trung District &#8211; Hanoi.<\/p>\n<\/p>\n                <\/article>\n                                <article>\n                    <img src=\"https:\/\/minhtiencoffee.com\/wp-content\/uploads\/2020\/06\/leaf.svg\" class=\"attachment-large_medium size-large_medium\" alt=\"&lt;p&gt;Consignment shop&lt;\/p&gt;\n\" height=\"68.23\" width=\"83.86\" \/>\n                    <h5><p>Consignment shop<\/p>\n<\/h5>\n                    <p><p>.<\/p>\n<\/p>\n                <\/article>\n                        <\/div>\n\n        <div class=\"readmore-block\"><a class=\"readmore--link mt-scrollto\" href=\"#contact-form\"> Xem c\u00e1c \u0111\u1ecba \u0111i\u1ec3m hi\u1ec7n \u0111ang c\u00f3 s\u1ea3n ph\u1ea9m  Minh Ti\u1ebfn <\/a><\/div>\n    <\/div>\n<\/section>\n<!-- END \/template-parts\/blocks\/content-dang-ky.php -->\n\n<!-- START \/template-parts\/blocks\/content-dang-ky.php -->\n<section anchor=\"dang-ky\" class=\"section-block dang-ky dang-ky--green\">\n    <h3 class=\"section-heading\">Registration<\/h3>\n\n    <div class=\"dang-ky__wapper\">\n\n        <div style=\"text-align: center\">\n            <h2>Coffee every day, anytime, anywhere<\/h2>\n                            <p><p>To order, fresh coffee is delivered to your doorstep.<br \/>\nCheck out your selection of products today.<\/p>\n<\/p>\n                \n        <\/div>\n\n                <div class=\"dang-ky__slider\">\n                            <article>\n                    <img src=\"https:\/\/minhtiencoffee.com\/wp-content\/uploads\/2020\/06\/icons-1.svg\" class=\"attachment-large_medium size-large_medium\" alt=\"&lt;p&gt;Choose your taste&lt;\/p&gt;\n\" height=\"131\" width=\"148\" \/>\n                    <h5><p>Choose your taste<\/p>\n<\/h5>\n                    <p><\/p>\n                <\/article>\n                                <article>\n                    <img src=\"https:\/\/minhtiencoffee.com\/wp-content\/uploads\/2020\/06\/icons-2.svg\" class=\"attachment-large_medium size-large_medium\" alt=\"&lt;p&gt;CHOOSE SCHEDULE&lt;br \/&gt;\nDELIVERY&lt;\/p&gt;\n\" height=\"114\" width=\"114\" \/>\n                    <h5><p>CHOOSE SCHEDULE<br \/>\nDELIVERY<\/p>\n<\/h5>\n                    <p><p>Choose a time for a hot cup of coffee to be there in time when you need it.<\/p>\n<\/p>\n                <\/article>\n                                <article>\n                    <img src=\"https:\/\/minhtiencoffee.com\/wp-content\/uploads\/2020\/06\/icons-3.svg\" class=\"attachment-large_medium size-large_medium\" alt=\"&lt;p&gt;DELIVERY ARRIVAL&lt;br \/&gt;\nMUCH PLACE &lt;\/p&gt;\n\" height=\"114\" width=\"114\" \/>\n                    <h5><p>DELIVERY ARRIVAL<br \/>\nMUCH PLACE <\/p>\n<\/h5>\n                    <p><p>Wherever you are, you can get fresh, instant coffee.<\/p>\n<\/p>\n                <\/article>\n                        <\/div>\n\n        <div class=\"readmore-block\"><a class=\"readmore--link mt-scrollto\" href=\"#contact-form\">Li\u00ean h\u1ec7 v\u1edbi ch\u00fang t\u00f4i \u0111\u1ec3 bi\u1ebft th\u00eam chi ti\u1ebft<\/a><\/div>\n    <\/div>\n<\/section>\n<!-- END \/template-parts\/blocks\/content-dang-ky.php -->\n\n<!-- START \/template-parts\/blocks\/content-contact-form.php --><section anchor=\"contact-form\" class=\"section-block contact-form\">\n    <h3 class=\"section-heading\">Contact<\/h3>\n\n    <div class=\"contact-form__wapper\">\n        <div class=\"contact-form__text\">\n            <h4> Let us know what we can do for you<\/h4>\n            <p>Whether you&#8217;re a cafe owner, barista or coffee enthusiast, we&#8217;d love to talk to you about the ways that we can help you brew better coffee.. Just get in touch<\/p>\n        <\/div>\n        <div class=\"contact-form__cf7\">\n            <div role=\"form\" class=\"wpcf7\" id=\"wpcf7-f64-o1\" lang=\"en-US\" dir=\"ltr\">\n<div class=\"screen-reader-response\" role=\"alert\" aria-live=\"polite\"><\/div>\n<form action=\"\/en\/wp-json\/wp\/v2\/pages\/440#wpcf7-f64-o1\" method=\"post\" class=\"wpcf7-form init\" novalidate=\"novalidate\">\n<div style=\"display: none;\">\n<input type=\"hidden\" name=\"_wpcf7\" value=\"64\" \/>\n<input type=\"hidden\" name=\"_wpcf7_version\" value=\"5.2.1\" \/>\n<input type=\"hidden\" name=\"_wpcf7_locale\" value=\"en_US\" \/>\n<input type=\"hidden\" name=\"_wpcf7_unit_tag\" value=\"wpcf7-f64-o1\" \/>\n<input type=\"hidden\" name=\"_wpcf7_container_post\" value=\"0\" \/>\n<input type=\"hidden\" name=\"_wpcf7_posted_data_hash\" value=\"\" \/>\n<\/div>\n<div>\n<label for=\"fullname\">T\u00ean<\/label><br \/>\n<span class=\"wpcf7-form-control-wrap fullname\"><input type=\"text\" name=\"fullname\" value=\"\" size=\"40\" class=\"wpcf7-form-control wpcf7-text wpcf7-validates-as-required\" aria-required=\"true\" aria-invalid=\"false\" placeholder=\"T\u00ean\" \/><\/span>\n<\/div>\n<div>\n<label for=\"email\">Email<\/label><br \/>\n<span class=\"wpcf7-form-control-wrap email\"><input type=\"email\" name=\"email\" value=\"\" size=\"40\" class=\"wpcf7-form-control wpcf7-text wpcf7-email wpcf7-validates-as-required wpcf7-validates-as-email\" id=\"email\" aria-required=\"true\" aria-invalid=\"false\" placeholder=\"Email\" \/><\/span>\n<\/div>\n<div>\n<label for=\"company\">T\u00ean Doanh Nghi\u1ec7p<\/label><br \/>\n<span class=\"wpcf7-form-control-wrap company\"><input type=\"text\" name=\"company\" value=\"\" size=\"40\" class=\"wpcf7-form-control wpcf7-text\" id=\"company\" aria-invalid=\"false\" placeholder=\"T\u00ean Doanh Nghi\u1ec7p\" \/><\/span>\n<\/div>\n<div>\n<label for=\"phone\">Phone<\/label><br \/>\n<span class=\"wpcf7-form-control-wrap phone\"><input type=\"text\" name=\"phone\" value=\"\" size=\"40\" class=\"wpcf7-form-control wpcf7-text\" id=\"phone\" aria-invalid=\"false\" placeholder=\"Phone\" \/><\/span>\n<\/div>\n<div>\n<label for=\"subject\">Ti\u00eau \u0110\u1ec1<\/label><br \/>\n<span class=\"wpcf7-form-control-wrap subject\"><input type=\"text\" name=\"subject\" value=\"\" size=\"40\" class=\"wpcf7-form-control wpcf7-text\" id=\"subject\" aria-invalid=\"false\" placeholder=\"Ti\u00eau \u0110\u1ec1\" \/><\/span>\n<\/div>\n<div>\n<label for=\"content\">N\u1ed9i Dung<\/label><br \/>\n<span class=\"wpcf7-form-control-wrap content\"><textarea name=\"content\" cols=\"40\" rows=\"4\" class=\"wpcf7-form-control wpcf7-textarea\" id=\"content\" aria-invalid=\"false\" placeholder=\"N\u1ed9i dung\"><\/textarea><\/span>\n<\/div>\n<div>\n<input type=\"submit\" value=\"Submit\" class=\"wpcf7-form-control wpcf7-submit\" \/>\n<\/div>\n<p><span id=\"wpcf7-69e21c77d1036\" class=\"wpcf7-form-control-wrap first_name-wrap\" style=\"display:none !important; visibility:hidden !important;\"><label  class=\"hp-message\">Please leave this field empty.<\/label><input class=\"wpcf7-form-control wpcf7-text\"  type=\"text\" name=\"first_name\" value=\"\" size=\"40\" tabindex=\"-1\" autocomplete=\"nope\" \/><\/span><br \/>\n<span id=\"wpcf7-69e21c77d1070\" class=\"wpcf7-form-control-wrap last_name-wrap\" style=\"display:none !important; visibility:hidden !important;\"><label  class=\"hp-message\">Please leave this field empty.<\/label><input class=\"wpcf7-form-control wpcf7-text\"  type=\"text\" name=\"last_name\" value=\"\" size=\"40\" tabindex=\"-1\" autocomplete=\"nope\" \/><\/span><br \/>\n<span id=\"wpcf7-69e21c77d1088\" class=\"wpcf7-form-control-wrap website-wrap\" style=\"display:none !important; visibility:hidden !important;\"><label  class=\"hp-message\">Please leave this field empty.<\/label><input class=\"wpcf7-form-control wpcf7-text\"  type=\"text\" name=\"website\" value=\"\" size=\"40\" tabindex=\"-1\" autocomplete=\"nope\" \/><\/span><\/p>\n<div class=\"wpcf7-response-output\" role=\"alert\" aria-hidden=\"true\"><\/div><\/form><\/div>        <\/div>\n    <\/div>\n<\/section>\n<!-- END \/template-parts\/blocks\/content-contact-form.php -->\n\n<!-- START \/template-parts\/blocks\/content-contact-info.php --><section anchor=\"contact-info\" class=\"section-block contact-info\">\n    <div class=\"contact-info__wapper\">\n        <h3>Information<br \/>\r\ncontact<\/h3>\n        <div class=\"contact-info__description\">\n            <p class=\"c1\"><span>Office 1<\/span>No. 45 Le Dai Hanh, Hai Ba Trung District, Hanoi<\/p>\n            <p class=\"c2\"><span>Office 2<\/span>No. 45b Ly Thuong Kiet, Hoan Kiem District, Hanoi<\/p>\n            <p class=\"c3\"><span>Headquarter<\/span>No.36 Hoang Cau, Hoang Cau District, Hanoi City<\/p>\n            <p class=\"c4\"><span>Phone<\/span>0934.554.558<\/p>\n            <p class=\"c5\"><span>Mobile<\/span>0243.636.0723<br \/>\r\n0243.717.0316<\/p>\n        <\/div>\n    <\/div>\n<\/section>\n<!-- END \/template-parts\/blocks\/content-contact-info.php -->","protected":false},"excerpt":{"rendered":"","protected":false},"author":2,"featured_media":0,"parent":0,"menu_order":0,"comment_status":"closed","ping_status":"closed","template":"","meta":[],"yoast_head":"<!-- This site is optimized with the Yoast SEO plugin v14.8 - https:\/\/yoast.com\/wordpress\/plugins\/seo\/ -->\n<title>Partner - Minh Tien Coffee<\/title>\n<meta name=\"robots\" content=\"index, follow\" \/>\n<meta name=\"googlebot\" content=\"index, follow, max-snippet:-1, max-image-preview:large, max-video-preview:-1\" \/>\n<meta name=\"bingbot\" content=\"index, follow, max-snippet:-1, max-image-preview:large, max-video-preview:-1\" \/>\n<link rel=\"canonical\" href=\"https:\/\/minhtiencoffee.com\/en\/partner\/\" \/>\n<meta property=\"og:locale\" content=\"en_US\" \/>\n<meta property=\"og:type\" content=\"article\" \/>\n<meta property=\"og:title\" content=\"Partner - Minh Tien Coffee\" \/>\n<meta property=\"og:url\" content=\"https:\/\/minhtiencoffee.com\/en\/partner\/\" \/>\n<meta property=\"og:site_name\" content=\"Minh Ti\u1ebfn Coffee\" \/>\n<meta property=\"article:publisher\" content=\"https:\/\/www.facebook.com\/MINH-TIEN-Coffee-447639685353031\/\" \/>\n<meta property=\"article:modified_time\" content=\"2020-09-28T07:23:41+00:00\" \/>\n<meta name=\"twitter:card\" content=\"summary_large_image\" \/>\n<script type=\"application\/ld+json\" class=\"yoast-schema-graph\">{\"@context\":\"https:\/\/schema.org\",\"@graph\":[{\"@type\":\"Organization\",\"@id\":\"https:\/\/minhtiencoffee.com\/en\/#organization\",\"name\":\"Minh Ti\\u1ebfn Coffee\",\"url\":\"https:\/\/minhtiencoffee.com\/en\/\",\"sameAs\":[\"https:\/\/www.facebook.com\/MINH-TIEN-Coffee-447639685353031\/\"],\"logo\":{\"@type\":\"ImageObject\",\"@id\":\"https:\/\/minhtiencoffee.com\/en\/#logo\",\"inLanguage\":\"en-US\",\"url\":\"https:\/\/minhtiencoffee.com\/wp-content\/uploads\/2020\/06\/Minh-Tien-Logo.svg\",\"width\":54,\"height\":41,\"caption\":\"Minh Ti\\u1ebfn Coffee\"},\"image\":{\"@id\":\"https:\/\/minhtiencoffee.com\/en\/#logo\"}},{\"@type\":\"WebSite\",\"@id\":\"https:\/\/minhtiencoffee.com\/en\/#website\",\"url\":\"https:\/\/minhtiencoffee.com\/en\/\",\"name\":\"Minh Ti\\u1ebfn Coffee\",\"description\":\"Cu\\u1ed9c h\\u00e0nh tr\\u00ecnh \\u0111i t\\u00ecm gi\\u00e1 tr\\u1ecb nguy\\u00ean b\\u1ea3n\",\"publisher\":{\"@id\":\"https:\/\/minhtiencoffee.com\/en\/#organization\"},\"potentialAction\":[{\"@type\":\"SearchAction\",\"target\":\"https:\/\/minhtiencoffee.com\/en\/?s={search_term_string}\",\"query-input\":\"required name=search_term_string\"}],\"inLanguage\":\"en-US\"},{\"@type\":\"WebPage\",\"@id\":\"https:\/\/minhtiencoffee.com\/en\/partner\/#webpage\",\"url\":\"https:\/\/minhtiencoffee.com\/en\/partner\/\",\"name\":\"Partner - Minh Tien Coffee\",\"isPartOf\":{\"@id\":\"https:\/\/minhtiencoffee.com\/en\/#website\"},\"datePublished\":\"2020-07-02T04:35:28+00:00\",\"dateModified\":\"2020-09-28T07:23:41+00:00\",\"inLanguage\":\"en-US\",\"potentialAction\":[{\"@type\":\"ReadAction\",\"target\":[\"https:\/\/minhtiencoffee.com\/en\/partner\/\"]}]}]}<\/script>\n<!-- \/ Yoast SEO plugin. -->","_links":{"self":[{"href":"https:\/\/minhtiencoffee.com\/en\/wp-json\/wp\/v2\/pages\/440"}],"collection":[{"href":"https:\/\/minhtiencoffee.com\/en\/wp-json\/wp\/v2\/pages"}],"about":[{"href":"https:\/\/minhtiencoffee.com\/en\/wp-json\/wp\/v2\/types\/page"}],"author":[{"embeddable":true,"href":"https:\/\/minhtiencoffee.com\/en\/wp-json\/wp\/v2\/users\/2"}],"replies":[{"embeddable":true,"href":"https:\/\/minhtiencoffee.com\/en\/wp-json\/wp\/v2\/comments?post=440"}],"version-history":[{"count":5,"href":"https:\/\/minhtiencoffee.com\/en\/wp-json\/wp\/v2\/pages\/440\/revisions"}],"predecessor-version":[{"id":2065,"href":"https:\/\/minhtiencoffee.com\/en\/wp-json\/wp\/v2\/pages\/440\/revisions\/2065"}],"wp:attachment":[{"href":"https:\/\/minhtiencoffee.com\/en\/wp-json\/wp\/v2\/media?parent=440"}],"curies":[{"name":"wp","href":"https:\/\/api.w.org\/{rel}","templated":true}]}}