{"id":438,"date":"2020-07-02T11:27:00","date_gmt":"2020-07-02T04:27:00","guid":{"rendered":"https:\/\/minhtien.azpassio.com\/?page_id=438"},"modified":"2020-08-19T16:19:32","modified_gmt":"2020-08-19T09:19:32","slug":"about","status":"publish","type":"page","link":"https:\/\/minhtiencoffee.com\/en\/about\/","title":{"rendered":"About"},"content":{"rendered":"<!-- START \/template-parts\/blocks\/content-product-banner.php --><br \/>\n<b>Notice<\/b>:  Trying to access array offset on value of type bool in <b>\/home\/u728936038\/domains\/minhtiencoffee.com\/public_html\/wp-content\/themes\/minhtien\/template-parts\/blocks\/content-product-banner.php<\/b> on line <b>2<\/b><br \/>\n\n<section class=\"product-banner overlay-30\">\n\t<video loop muted autoplay playsinline poster=\"\"><source src=\"https:\/\/minhtiencoffee.com\/wp-content\/uploads\/2020\/06\/TVC_30s_Minh-Ti\u1ebfn_1.mp4\" type=\"video\/mp4\"><\/video>\t<div class=\"product-banner__wapper\">\n\t\t<div class=\"product-banner__description\">\n\t\t\t<h1 class=\"js-text\">Follow us<br \/>\r\nto find the happiness in coffee<\/h1>\n\t\t\t    <span class=\"mt-next-section\"  tabindex=\"-1\" style=\"width: 45px; display: block\">\n        <img src=\"https:\/\/minhtiencoffee.com\/wp-content\/themes\/minhtien\/assets\/imgs\/icons\/arrow-around.svg\" alt=\"next\" rel=\"next\"\/>\n        <\/span>\n    \t\t<\/div>\n\t<\/div>\n<\/section>\n\n<!-- END \/template-parts\/blocks\/content-product-banner.php -->\n\n<!-- START \/template-parts\/blocks\/content-cauchuyen.php --><section anchor=\"cau-chuyen\" class=\"section-block cauchuyen\">\n    <h3 class=\"section-heading\">Minh Tien&#8217;s Story<\/h3>\n\n    <div class=\"cauchuyen__wapper\">\n        <h4 class=\"js-text\">Original coffee<br \/>\r\non fog mountant<\/h4>\n\n        <div class=\"js-background is-inview\">\n            <img class=\"js-background_back background_back\" src=\"https:\/\/minhtiencoffee.com\/wp-content\/themes\/minhtien\/assets\/imgs\/back.svg\" alt=\"C\u00e2u chuy\u1ec7n Minh Ti\u1ebfn\" width=\"300px\" height=\"86px\" \/>\n            <img class=\"js-background_front background_front\"\n                 src=\"https:\/\/minhtiencoffee.com\/wp-content\/themes\/minhtien\/assets\/imgs\/front.svg\"\n                 alt=\"C\u00e2u chuy\u1ec7n Minh Ti\u1ebfn\" width=\"300px\" height=\"95px\" \/>\n        <\/div>\n\n        <div class=\"cauchuyen__content\">\n            <p class=\"quotation\" data-scroll=\"staggerLinesP\">We believe in the happy value chain that begins the journey from farm to cup of coffee<\/p>\n\n            <div>\n                <article>\n                    <h6 class=\"js-text\">About us<\/h6>\n                    <p>Starting the journey in 2000, Minh Tien was born with the desire to bring the original value and happiness of the coffee bean.<\/p>\n                <\/article>\n\n                <article>\n                    <h6 class=\"js-text\">Create a foundation<\/h6>\n                    <p>Based on the model of sustainable farming from independent raw material areas, high quality coffee beans meeting international standards of Minh Tien have conquered export partners and coffee lovers around the world.<\/p>\n                <\/article>\n\n                <article>\n                    <h6 class=\"js-text\">CONNECTIONS<\/h6>\n                    <p>With the binding substance of coffee love, Minh Tien always tries to be a bridge connecting and spreading happiness from farmers, partners &#8211; customers to consumers and communities. To do this, Minh Tien always ensures the original quality and value of the coffee beans.<\/p>\n                <\/article>\n            <\/div>\n        <\/div>\n    <\/div>\n\n<\/section>\n<!-- END \/template-parts\/blocks\/content-cauchuyen.php -->\n\n<!-- START \/template-parts\/blocks\/content-tamnhin-sumenh.php --><section anchor=\"tam-nhin\" class=\"section-block tamnhin\">\n\t<h3 class=\"section-heading\">Vision &#038; Mission<\/h3>\n\n    <div class=\"tamnhin__wapper\">\n\n        <div class=\"row\">\n            <div class=\"col-12 col-md-6\">\n                <h4 class=\"js-text\">VISION<\/h4>\n            <\/div>\n            <div class=\"col-12 col-md-6\">\n                <h5>Raising the value of Vietnamese coffee beans<\/h5>\n                <p>Minh Tien&#8217;s journey is always attached associated with the mission to spread happiness and returns the original value, coming from mind and passion for coffee beans.<\/p>\n            <\/div>\n            <div class=\"col-12 col-md-6\">\n                <h4 class=\"js-text\">MISSION<\/h4>\n            <\/div>\n            <div class=\"col-12 col-md-6\">\n                <h5>Minh Tien wishes to help consumers rediscover the original coffee taste<\/h5>\n                <p>Our goal is to redefine and rediscover our favorite original coffee taste every day with the dedication of each coffee grower, while inspiring to connect people with a love of coffee, help people understand more about the stature of Vietnamese coffee and the identity of the raw material area.<\/p>\n            <\/div>\n        <\/div>\n    <\/div>\n\n<\/section>\n<!-- END \/template-parts\/blocks\/content-tamnhin-sumenh.php -->\n\n<!-- START \/template-parts\/blocks\/content-highline-content.php --><section class=\"highline-content \" style=\"\">\n\t<img width=\"1400\" height=\"848\" src=\"https:\/\/minhtiencoffee.com\/wp-content\/uploads\/2020\/06\/highline_content.jpg\" class=\"attachment-full size-full\" alt=\"Mang \u0111\u1ebfn h\u01b0\u01a1ng v\u1ecb nguy\u00ean b\u1ea3n T\u00e2y B\u1eafc, T\u00e2y Nguy\u00ean &amp; L\u00e0o. G\u1eafn li\u1ec1n v\u1edbi b\u1ea3n s\u1eafc v\u0103n h\u00f3a cao nguy\u00ean c\u00f9ng v\u1edbi t\u00ecnh y\u00eau t\u00e2m huy\u1ebft v\u00e0 \u0111am m\u00ea\" srcset=\"https:\/\/minhtiencoffee.com\/wp-content\/uploads\/2020\/06\/highline_content.jpg 1400w, https:\/\/minhtiencoffee.com\/wp-content\/uploads\/2020\/06\/highline_content-300x182.jpg 300w, https:\/\/minhtiencoffee.com\/wp-content\/uploads\/2020\/06\/highline_content-1024x620.jpg 1024w, https:\/\/minhtiencoffee.com\/wp-content\/uploads\/2020\/06\/highline_content-768x465.jpg 768w\" sizes=\"(max-width: 1400px) 100vw, 1400px\" \/>\t<\/section>\n<!-- END \/template-parts\/blocks\/content-highline-content.php -->\n\n<!-- START \/template-parts\/blocks\/content-cotloi.php --><section class=\"section-block cotloi\">\n    <h3 class=\"section-heading\">Core Values<\/h3>\n\n    <div class=\"cotloi__wapper\">\n        <div class=\"cotloi__nav\">\n            <p>We maintain the brand based on our core values<\/p>\n            <ol>\n                <li class=\"cotloi__nav__item\">\n                    <span data-active=\"#giadinh\"><span class=\"bullet\">&#8211;<\/span>Family<\/span>\n                <\/li>\n                <li class=\"cotloi__nav__item\">\n                    <span data-active=\"#damme\"><span class=\"bullet\">&#8211;<\/span>Passion<\/span>\n                <\/li>\n                <li class=\"cotloi__nav__item\">\n                    <span data-active=\"#benvung\"><span class=\"bullet\">&#8211;<\/span>Sustainability<\/span>\n                <\/li>\n            <\/ol>\n        <\/div>\n\n<div class=\"cotloi__content\">\n        <div id=\"giadinh\" class=\"cotloi__item\">\n            <div class=\"cotloi__media\">\n                <div class=\"cotloi__media-img\">\n                    <img src=\"https:\/\/minhtiencoffee.com\/wp-content\/themes\/minhtien\/assets\/imgs\/tmp\/giadinh-icon.svg\" \/>\n                <\/div>\n                <p class=\"quotation\">We create a large family with a warm and familiar culture, where all members together pursue passion and care for each product to bring quality coffee and comfortable experience. , connecting people with joy and sharing.<\/p>\n            <\/div>\n            <div class=\"cotloi__tab\">\n                <article>\n                    <h5>Share<\/h5>\n<p>Share responsibility and passion for work and enthusiasm, true love for quality coffee to users.<\/p>\n                <\/article>\n\n                <article>\n                    <h5>Attachment<\/h5>\n<p>We always uphold the collective knowledge, the winning spirit and the cohesion of our members.<\/p>\n                <\/article>\n\n                <article>\n                    <h5>Self-consciousness<\/h5>\n<p>Always self-conscious at work to ensure the highest quality. From the high awareness of each member, the collective consciousness and standards are created.<\/p>\n                <\/article>\n            <\/div>\n        <\/div>\n\n        <div id=\"damme\" class=\"cotloi__item\">\n            <div class=\"cotloi__media\">\n                <div class=\"cotloi__media-img\">\n                    <img src=\"https:\/\/minhtiencoffee.com\/wp-content\/themes\/minhtien\/assets\/imgs\/tmp\/damme-icon.svg\" \/>\n                <\/div>\n                <p class=\"quotation\">\n                Created by a great love for coffee trees and Vietnamese coffee growers. Minh Tien uses passion to create true meaning for each cup of coffee sent to customers. These meanings sublimate, creating happiness and joy in diners.                <\/p>\n            <\/div>\n\n            <div class=\"cotloi__tab\">\n                <article>\n                    <h5>Enthusiasm<\/h5>\n<p>We use our motivation and commitment to energize, engage and inspire others to pursue common goals.<\/p>\n                <\/article>\n\n                <article>\n                    <h5>Persistence<\/h5>\n<p>We persist in our journey to improve the quality and true value of coffee beans, in addition to helping users redefine and rediscover the standard coffee taste every day.<\/p>\n                <\/article>\n\n                <article>\n                    <h5>Creation<\/h5>\n<p>Proactively create opportunities by associating values \u200b\u200bwith passion for creativity, self-improvement of production systems to increase quality &#8211; productivity to meet diverse user experiences.<\/p>\n                <\/article>\n            <\/div>\n        <\/div>\n\n        <div id=\"benvung\" class=\"cotloi__item\">\n            <div class=\"cotloi__media\">\n                <div class=\"cotloi__media-img\">\n                    <img src=\"https:\/\/minhtiencoffee.com\/wp-content\/themes\/minhtien\/assets\/imgs\/tmp\/benvung-icon.svg\" \/>\n                <\/div>\n                <p class=\"quotation\">\n                Sustainable ecosystem development through social, economic and environmental factors. Minh Tien works closely with farmers and develops growing areas to ensure stable and high quality coffee beans. We accompany building high value of coffee to ensure long-term benefits for farmers in the supply chain.                <\/p>\n            <\/div>\n\n            <div class=\"cotloi__tab\">\n                <article>\n                    <h5>Companion<\/h5>\n<p>Each farmer is a special link and a companion in the mission of producing quality coffee beans.<\/p>\n                <\/article>\n\n                <article>\n                    <h5>Commitment<\/h5>\n<p>There is no other way to increase the value of coffee by developing high-quality coffee that meets world standards, it is a commitment not only in product quality to meet the needs of the user experience but also in the sustainable in relationship with Farmers.<\/p>\n                <\/article>\n\n                <article>\n                    <h5>Original<\/h5>\n<p>Each product is made from the worker&#8217;s mind, honest and transparent, from the raw materials area, production process, processing and quality control to 100% original coffee flavor.<\/p>\n                <\/article>\n            <\/div>\n        <\/div>\n    <\/div>\n<\/div>\n\n    <img class=\"cotloi__bg\" data-index=\"#giadinh\" src=\"https:\/\/minhtiencoffee.com\/wp-content\/themes\/minhtien\/assets\/imgs\/tmp\/company.jpg\" alt=\"Gi\u00e1 Tr\u1ecb C\u1ed1t L\u00f5i - Gia \u0110\u00ecnh\" \/>\n    <img class=\"cotloi__bg\" data-index=\"#damme\" src=\"https:\/\/minhtiencoffee.com\/wp-content\/themes\/minhtien\/assets\/imgs\/tmp\/damme.jpg\" alt=\"Gi\u00e1 Tr\u1ecb C\u1ed1t L\u00f5i - \u0110am M\u00ea\" \/>\n    <img class=\"cotloi__bg\" data-index=\"#benvung\" src=\"https:\/\/minhtiencoffee.com\/wp-content\/themes\/minhtien\/assets\/imgs\/tmp\/benvung.jpg\" alt=\"Gi\u00e1 Tr\u1ecb C\u1ed1t L\u00f5i - B\u1ec1n V\u1eefng\" \/>\n<\/section>\n<!-- END \/template-parts\/blocks\/content-cotloi.php -->\n\n<!-- START \/template-parts\/blocks\/content-chung-nhan.php -->\n<section anchor=\"chung-nhan\" class=\"section-block chung-nhan\">\n    <h3 class=\"section-heading\">CERTIFICATION<\/h3>\n\n    <div class=\"chung-nhan__wapper\">\n        <h4 class=\"js-text\">Passionate to do better<\/h4>\n        <p>Through 20 years of expertise and knowledge in coffee, Minh Tien Coffee aims to be recognized as the leading business partner in the Arabica green coffee field from high-end to serving specialty through standards. rigorous quality.<\/p>\n\n        <div class=\"chung-nhan__items\">\n                            <div>\n                    <img src=\"https:\/\/minhtiencoffee.com\/wp-content\/uploads\/2020\/06\/4C-Association-Logo.jpg\" alt=\"\" \/>\n                <\/div>\n                                <div>\n                    <img src=\"https:\/\/minhtiencoffee.com\/wp-content\/uploads\/2020\/06\/utz-logo-payoff-rgb-pos-hr.jpg\" alt=\"\" \/>\n                <\/div>\n                        <\/div>\n    <\/div>\n<\/section>\n<!-- END \/template-parts\/blocks\/content-chung-nhan.php -->\n\n<!-- START \/template-parts\/blocks\/content-chung-nhan.php -->\n<section anchor=\"chung-nhan-block_5ed6325da1f8f\" class=\"section-block chung-nhan\">\n    <h3 class=\"section-heading\">PARTNER<\/h3>\n\n    <div class=\"chung-nhan__wapper\">\n        <h4 class=\"js-text\">VARIOUS FOR THE GREAT SEA<\/h4>\n        <p>We supply coffee to top partners in the world and distribute coffee nationwide. We love working with all our partners to share the best coffee beans with coffee lovers.<\/p>\n\n        <div class=\"chung-nhan__items\">\n                            <div>\n                    <img src=\"https:\/\/minhtiencoffee.com\/wp-content\/uploads\/2020\/06\/dakman.jpg\" alt=\"\" \/>\n                <\/div>\n                                <div>\n                    <img src=\"https:\/\/minhtiencoffee.com\/wp-content\/uploads\/2020\/06\/ECOM-CAFE.jpg\" alt=\"\" \/>\n                <\/div>\n                                <div>\n                    <img src=\"https:\/\/minhtiencoffee.com\/wp-content\/uploads\/2020\/06\/groupsopex.jpg\" alt=\"\" \/>\n                <\/div>\n                                <div>\n                    <img src=\"https:\/\/minhtiencoffee.com\/wp-content\/uploads\/2020\/06\/marubeni.jpg\" alt=\"\" \/>\n                <\/div>\n                                <div>\n                    <img src=\"https:\/\/minhtiencoffee.com\/wp-content\/uploads\/2020\/06\/Mitsuico-copy.jpg\" alt=\"\" \/>\n                <\/div>\n                                <div>\n                    <img src=\"https:\/\/minhtiencoffee.com\/wp-content\/uploads\/2020\/06\/Neumann-Kaffee-Gruppe-logo.jpg\" alt=\"\" \/>\n                <\/div>\n                                <div>\n                    <img src=\"https:\/\/minhtiencoffee.com\/wp-content\/uploads\/2020\/06\/Volcafe.jpg\" alt=\"\" \/>\n                <\/div>\n                        <\/div>\n    <\/div>\n<\/section>\n<!-- END \/template-parts\/blocks\/content-chung-nhan.php -->","protected":false},"excerpt":{"rendered":"","protected":false},"author":2,"featured_media":0,"parent":0,"menu_order":0,"comment_status":"closed","ping_status":"closed","template":"","meta":[],"yoast_head":"<!-- This site is optimized with the Yoast SEO plugin v14.8 - https:\/\/yoast.com\/wordpress\/plugins\/seo\/ -->\n<title>About - Minh Tien Coffee<\/title>\n<meta name=\"description\" content=\"Starting the journey in 2000, Minh Tien was born with the desire to bring the original value and happiness of the coffee bean.\" \/>\n<meta name=\"robots\" content=\"index, follow\" \/>\n<meta name=\"googlebot\" content=\"index, follow, max-snippet:-1, max-image-preview:large, max-video-preview:-1\" \/>\n<meta name=\"bingbot\" content=\"index, follow, max-snippet:-1, max-image-preview:large, max-video-preview:-1\" \/>\n<link rel=\"canonical\" href=\"https:\/\/minhtiencoffee.com\/en\/about\/\" \/>\n<meta property=\"og:locale\" content=\"en_US\" \/>\n<meta property=\"og:type\" content=\"article\" \/>\n<meta property=\"og:title\" content=\"About - Minh Tien Coffee\" \/>\n<meta property=\"og:description\" content=\"Starting the journey in 2000, Minh Tien was born with the desire to bring the original value and happiness of the coffee bean.\" \/>\n<meta property=\"og:url\" content=\"https:\/\/minhtiencoffee.com\/en\/about\/\" \/>\n<meta property=\"og:site_name\" content=\"Minh Ti\u1ebfn Coffee\" \/>\n<meta property=\"article:publisher\" content=\"https:\/\/www.facebook.com\/MINH-TIEN-Coffee-447639685353031\/\" \/>\n<meta property=\"article:modified_time\" content=\"2020-08-19T09:19:32+00:00\" \/>\n<meta name=\"twitter:card\" content=\"summary_large_image\" \/>\n<script type=\"application\/ld+json\" class=\"yoast-schema-graph\">{\"@context\":\"https:\/\/schema.org\",\"@graph\":[{\"@type\":\"Organization\",\"@id\":\"https:\/\/minhtiencoffee.com\/en\/#organization\",\"name\":\"Minh Ti\\u1ebfn Coffee\",\"url\":\"https:\/\/minhtiencoffee.com\/en\/\",\"sameAs\":[\"https:\/\/www.facebook.com\/MINH-TIEN-Coffee-447639685353031\/\"],\"logo\":{\"@type\":\"ImageObject\",\"@id\":\"https:\/\/minhtiencoffee.com\/en\/#logo\",\"inLanguage\":\"en-US\",\"url\":\"https:\/\/minhtiencoffee.com\/wp-content\/uploads\/2020\/06\/Minh-Tien-Logo.svg\",\"width\":54,\"height\":41,\"caption\":\"Minh Ti\\u1ebfn Coffee\"},\"image\":{\"@id\":\"https:\/\/minhtiencoffee.com\/en\/#logo\"}},{\"@type\":\"WebSite\",\"@id\":\"https:\/\/minhtiencoffee.com\/en\/#website\",\"url\":\"https:\/\/minhtiencoffee.com\/en\/\",\"name\":\"Minh Ti\\u1ebfn Coffee\",\"description\":\"Cu\\u1ed9c h\\u00e0nh tr\\u00ecnh \\u0111i t\\u00ecm gi\\u00e1 tr\\u1ecb nguy\\u00ean b\\u1ea3n\",\"publisher\":{\"@id\":\"https:\/\/minhtiencoffee.com\/en\/#organization\"},\"potentialAction\":[{\"@type\":\"SearchAction\",\"target\":\"https:\/\/minhtiencoffee.com\/en\/?s={search_term_string}\",\"query-input\":\"required name=search_term_string\"}],\"inLanguage\":\"en-US\"},{\"@type\":\"WebPage\",\"@id\":\"https:\/\/minhtiencoffee.com\/en\/about\/#webpage\",\"url\":\"https:\/\/minhtiencoffee.com\/en\/about\/\",\"name\":\"About - Minh Tien Coffee\",\"isPartOf\":{\"@id\":\"https:\/\/minhtiencoffee.com\/en\/#website\"},\"datePublished\":\"2020-07-02T04:27:00+00:00\",\"dateModified\":\"2020-08-19T09:19:32+00:00\",\"description\":\"Starting the journey in 2000, Minh Tien was born with the desire to bring the original value and happiness of the coffee bean.\",\"inLanguage\":\"en-US\",\"potentialAction\":[{\"@type\":\"ReadAction\",\"target\":[\"https:\/\/minhtiencoffee.com\/en\/about\/\"]}]}]}<\/script>\n<!-- \/ Yoast SEO plugin. -->","_links":{"self":[{"href":"https:\/\/minhtiencoffee.com\/en\/wp-json\/wp\/v2\/pages\/438"}],"collection":[{"href":"https:\/\/minhtiencoffee.com\/en\/wp-json\/wp\/v2\/pages"}],"about":[{"href":"https:\/\/minhtiencoffee.com\/en\/wp-json\/wp\/v2\/types\/page"}],"author":[{"embeddable":true,"href":"https:\/\/minhtiencoffee.com\/en\/wp-json\/wp\/v2\/users\/2"}],"replies":[{"embeddable":true,"href":"https:\/\/minhtiencoffee.com\/en\/wp-json\/wp\/v2\/comments?post=438"}],"version-history":[{"count":4,"href":"https:\/\/minhtiencoffee.com\/en\/wp-json\/wp\/v2\/pages\/438\/revisions"}],"predecessor-version":[{"id":1016,"href":"https:\/\/minhtiencoffee.com\/en\/wp-json\/wp\/v2\/pages\/438\/revisions\/1016"}],"wp:attachment":[{"href":"https:\/\/minhtiencoffee.com\/en\/wp-json\/wp\/v2\/media?parent=438"}],"curies":[{"name":"wp","href":"https:\/\/api.w.org\/{rel}","templated":true}]}}